{"id":792,"date":"2020-03-20T17:58:35","date_gmt":"2020-03-20T15:58:35","guid":{"rendered":"https:\/\/www.buergel-schule-eberswalde.de\/?page_id=792"},"modified":"2020-06-19T12:05:04","modified_gmt":"2020-06-19T10:05:04","slug":"unterrichtsmaterialien-zum-download","status":"publish","type":"page","link":"https:\/\/www.buergel-schule-eberswalde.de\/index.php\/unterrichtsmaterialien-zum-download\/","title":{"rendered":"Unterrichtsmaterialien zum Download"},"content":{"rendered":"<p>Die Unterrichtsmaterialien werden auf &#8222;weBBcloud&#8220; zum Download bereitgestellt:<\/p>\n<p><a href=\"https:\/\/edu.brandenburg.de\/webbcloud?schulnr=105557\" target=\"_blank\" rel=\"noopener noreferrer\">https:\/\/edu.brandenburg.de\/webbcloud?schulnr=105557<\/a><\/p>\n<p>das Passwort erhalten Sie \u00fcber ihre Elternsprecher.<\/p>\n<p>&nbsp;<\/p>\n<p>&nbsp;<\/p>\n<p>&nbsp;<\/p>\n<p><a style=\"color: #000000;\" href=\"https:\/\/www.buergel-schule-eberswalde.de\/wp-content\/uploads\/2020\/03\/l\u00f6sungen_deutsch-4b.docx\">L\u00f6sungen Deutsch 4b<\/a><\/p>\n<p><a href=\"https:\/\/www.buergel-schule-eberswalde.de\/wp-content\/uploads\/2020\/03\/L\u00f6sungen-Aufgaben.pdf\">L\u00f6sungen+Aufgaben<\/a>\u00a0Englisch Klasse 4b<\/p>\n<p><span style=\"color: #000000;\"><a style=\"color: #000000;\" href=\"https:\/\/www.buergel-schule-eberswalde.de\/wp-content\/uploads\/2020\/03\/1904-38_Uebungsheft_Englisch_4.pdf\">\u00dcbungsheft Englisch Klasse 4<\/a><\/span><\/p>\n<p><span style=\"color: #000000;\"><a style=\"color: #000000;\" href=\"https:\/\/www.buergel-schule-eberswalde.de\/wp-content\/uploads\/2020\/03\/1902-35_Workbook_4.pdf\">Workbook Klasse 4<\/a><\/span><\/p>\n<p><span style=\"color: #000000;\"><a style=\"color: #000000;\" href=\"https:\/\/www.buergel-schule-eberswalde.de\/wp-content\/uploads\/2020\/03\/1904-41_Uebungsheft_Englisch_6.pdf\">\u00dcbungsheft Englisch Klasse 6<\/a><\/span><\/p>\n<p><span style=\"color: #000000;\"><a style=\"color: #000000;\" href=\"https:\/\/www.buergel-schule-eberswalde.de\/wp-content\/uploads\/2020\/03\/1904-41_Uebungsheft_Englisch_6_Loesung.pdf\">\u00dcbungsheft Englisch Klasse 6 L\u00f6sungen<\/a><\/span><\/p>\n<p><a href=\"https:\/\/www.buergel-schule-eberswalde.de\/wp-content\/uploads\/2020\/03\/L\u00f6sungen-Aufgaben-en-6.pdf\">L\u00f6sungen+Aufgaben\u00a0<\/a>Englisch Klasse 6<\/p>\n<p><a href=\"https:\/\/www.buergel-schule-eberswalde.de\/wp-content\/uploads\/2020\/03\/Gesellschaftswissenschaften-klasse-5-l\u00f6sung.pdf\">Gesellschaftswissenschaften\u00a0<\/a>Klasse 5<\/p>\n<p><a href=\"https:\/\/www.buergel-schule-eberswalde.de\/wp-content\/uploads\/2020\/03\/Gesellschaftswissenschaften-kl-6-l\u00f6sungen.pdf\">Gesellschaftswissenschaften\u00a0<\/a>Klasse 6<\/p>\n<p>&nbsp;<\/p>\n<p>&nbsp;<\/p>\n<p>&nbsp;<\/p>\n","protected":false},"excerpt":{"rendered":"<p>Die Unterrichtsmaterialien werden auf &#8222;weBBcloud&#8220; zum Download bereitgestellt: https:\/\/edu.brandenburg.de\/webbcloud?schulnr=105557 das Passwort erhalten Sie \u00fcber ihre Elternsprecher. &nbsp; &nbsp; &nbsp; L\u00f6sungen Deutsch 4b L\u00f6sungen+Aufgaben\u00a0Englisch Klasse 4b \u00dcbungsheft Englisch Klasse 4 Workbook Klasse 4 \u00dcbungsheft Englisch Klasse 6 \u00dcbungsheft Englisch Klasse 6 L\u00f6sungen L\u00f6sungen+Aufgaben\u00a0Englisch Klasse 6 Gesellschaftswissenschaften\u00a0Klasse 5 Gesellschaftswissenschaften\u00a0Klasse 6 &nbsp; &nbsp; &nbsp;<\/p>\n","protected":false},"author":1,"featured_media":0,"parent":0,"menu_order":0,"comment_status":"closed","ping_status":"closed","template":"","meta":{"footnotes":""},"class_list":["post-792","page","type-page","status-publish","hentry","no-featured-image"],"_links":{"self":[{"href":"https:\/\/www.buergel-schule-eberswalde.de\/index.php\/wp-json\/wp\/v2\/pages\/792","targetHints":{"allow":["GET"]}}],"collection":[{"href":"https:\/\/www.buergel-schule-eberswalde.de\/index.php\/wp-json\/wp\/v2\/pages"}],"about":[{"href":"https:\/\/www.buergel-schule-eberswalde.de\/index.php\/wp-json\/wp\/v2\/types\/page"}],"author":[{"embeddable":true,"href":"https:\/\/www.buergel-schule-eberswalde.de\/index.php\/wp-json\/wp\/v2\/users\/1"}],"replies":[{"embeddable":true,"href":"https:\/\/www.buergel-schule-eberswalde.de\/index.php\/wp-json\/wp\/v2\/comments?post=792"}],"version-history":[{"count":13,"href":"https:\/\/www.buergel-schule-eberswalde.de\/index.php\/wp-json\/wp\/v2\/pages\/792\/revisions"}],"predecessor-version":[{"id":863,"href":"https:\/\/www.buergel-schule-eberswalde.de\/index.php\/wp-json\/wp\/v2\/pages\/792\/revisions\/863"}],"wp:attachment":[{"href":"https:\/\/www.buergel-schule-eberswalde.de\/index.php\/wp-json\/wp\/v2\/media?parent=792"}],"curies":[{"name":"wp","href":"https:\/\/api.w.org\/{rel}","templated":true}]}}