{"id":789,"date":"2020-03-20T17:14:11","date_gmt":"2020-03-20T15:14:11","guid":{"rendered":"https:\/\/www.buergel-schule-eberswalde.de\/?page_id=789"},"modified":"2023-03-02T21:30:29","modified_gmt":"2023-03-02T19:30:29","slug":"datenschutzerklaerung","status":"publish","type":"page","link":"https:\/\/www.buergel-schule-eberswalde.de\/index.php\/impressum\/datenschutzerklaerung\/","title":{"rendered":"Datenschutzerkl\u00e4rung"},"content":{"rendered":"<p><strong>Datenschutzerkl\u00e4rung<\/strong><\/p>\n<h2>A. Name und Anschrift des Verantwortlichen (gem\u00e4\u00df Artikel 13 Absatz 1 Buchstabe a i.V.m. 4 Nummer 7 DSGVO)<\/h2>\n<p>Bruno-H.-B\u00fcrgel-Grundschule<br \/>\nBreite Stra\u00dfe 69<br \/>\n16225 Eberswalde<br \/>\nTelefon: 03334\/23344<br \/>\nE-Mail:bruno-h-buergelschule@t-online.de<\/p>\n<h3><\/h3>\n<h3>Vertretungsberechtigt<\/h3>\n<p>Cornelia Still, komm. Schulleiterin<\/p>\n<h2>B. Kontaktdaten der oder des Datenschutzbeauftragten (gem\u00e4\u00df Artikel 13 Absatz 1 Buchstabe b)<\/h2>\n<p>Tel.: +49 335 5210-477<\/p>\n<p>E-Mail: Datenschutz-Schulen-FF@schulaemter.brandenburg.de<\/p>\n<ol>\n<li><strong> Information \u00fcber die Erhebung personenbezogener Daten, Speicherdauer <\/strong><\/li>\n<\/ol>\n<p>Im Folgenden informieren wir \u00fcber die Erhebung personenbezogener Daten bei Nutzung unserer Website. Personenbezogene Daten sind alle Daten, die auf Sie pers\u00f6nlich beziehbar sind, z. B. Name, Adresse, E-Mail-Adressen.<\/p>\n<p>Bei Ihrer Kontaktaufnahme mit uns \u00fcber ein Kontaktformular werden die von Ihnen mitgeteilten Daten (Ihre E-Mail-Adresse, ggf. Ihr Name und Ihre Telefonnummer) von uns gespeichert, um Ihre Fragen zu beantworten. Die in diesem Zusammenhang anfallenden Daten l\u00f6schen wir, nachdem die Speicherung nicht mehr erforderlich ist, oder schr\u00e4nken die Verarbeitung ein, falls gesetzliche Aufbewahrungspflichten bestehen.<\/p>\n<p><strong>\u00a0<\/strong><\/p>\n<ol>\n<li><strong> Erhebung und Zwecke der Verarbeitung personenbezogener Daten bei Besuch unserer Website <\/strong><\/li>\n<\/ol>\n<p>Bei der blo\u00df informatorischen Nutzung der Website, also wenn Sie sich nicht registrieren oder uns anderweitig Informationen \u00fcbermitteln, erheben wir nur die personenbezogenen Daten, die Ihr Browser an unseren Server \u00fcbermittelt. Wenn Sie unsere Website betrachten, erheben wir die folgenden Daten, die f\u00fcr uns technisch erforderlich sind, um Ihnen unsere Website anzuzeigen und die Stabilit\u00e4t und Sicherheit zu gew\u00e4hrleisten. Die Verarbeitung erfolgt allein f\u00fcr diese Zwecke:<\/p>\n<p>&#8211; IP-Adresse<\/p>\n<p>&#8211; Datum und Uhrzeit der Anfrage<\/p>\n<p>&#8211; Zeitzonendifferenz zur Greenwich Mean Time (GMT)<\/p>\n<p>&#8211; Inhalt der Anforderung (konkrete Seite)<\/p>\n<p>&#8211; Zugriffsstatus\/HTTP-Statuscode<\/p>\n<p>&#8211; jeweils \u00fcbertragene Datenmenge<\/p>\n<p>&#8211; Website, von der die Anforderung kommt<\/p>\n<p>&#8211; Browser<\/p>\n<p>&#8211; Betriebssystem und dessen Oberfl\u00e4che<\/p>\n<p>&#8211; Sprache und Version der Browsersoftware.<\/p>\n<p><em>\u00a0<\/em><\/p>\n<ol>\n<li><strong> Erhebung und Zwecke der Verarbeitung personenbezogener Daten bei Kontaktaufnahme<\/strong><\/li>\n<\/ol>\n<p><strong>\u00a0<\/strong><\/p>\n<p>Sofern Sie den Kontakt mit uns aufnehmen, werden neben den o.g. Daten auch die von Ihnen \u00fcbermittelten personenbezogenen Daten automatisch gespeichert. Diese Daten werden f\u00fcr Zwecke der Bearbeitung Ihres Anliegens und der Kontaktaufnahme mit Ihnen gespeichert, soweit dies hierf\u00fcr erforderlich ist. Dies ist z.B. dann der Fall, wenn Sie einen Termin f\u00fcr ein Gespr\u00e4ch bei der Schulleitung vereinbaren wollen. <em>(Hinweis: ggf. erg\u00e4nzen, wenn Zweck n\u00e4her bestimmbar ist)<\/em><\/p>\n<p><em>\u00a0<\/em><\/p>\n<p>Wenn Sie Gebrauch von unserem <strong>Kontaktformular<\/strong>machen, werden die folgenden personenbezogenen Daten von Ihnen gespeichert:<\/p>\n<ul>\n<li>Ihr Name,<\/li>\n<li>Ihre Anschrift,<\/li>\n<li>Ihre E-Mail-Adresse<\/li>\n<\/ul>\n<p>Die L\u00f6schung der Daten erfolgt, sobald deren Speicherung f\u00fcr die Bearbeitung Ihres Anliegens nicht mehr erforderlich ist (Rechtsgrundlage ist Artikel 6 Absatz 1 Buchstabe e).<\/p>\n<h2>F.\u00a0\u00a0\u00a0\u00a0\u00a0 Verwendung von Cookies<\/h2>\n<p><em>\u00a0<\/em><\/p>\n<p>Dieses Internet-Angebot verwendet <strong>keine Cookies<\/strong>.<\/p>\n<ol>\n<li><strong>Betroffenenrechte<\/strong><\/li>\n<\/ol>\n<p><strong>(Art. 13 Absatz 2 Buchst. b bis f DSGVO)<\/strong><\/p>\n<p>Sie k\u00f6nnen folgende Rechte geltend machen:<\/p>\n<p><strong>Auskunft\/ Akteneinsicht <\/strong>(Art. 13 Absatz 2 Buchst. b DSGVO):<\/p>\n<p><strong>\u00a0<\/strong><\/p>\n<table>\n<tbody>\n<tr>\n<td width=\"461\">\n<p>Gem. Art. 15 DSGVO haben Sie das Recht, Auskunft bzw. Akteneinsicht \u00fcber die von uns verarbeiteten personenbezogenen Daten zu erhalten.<\/td>\n<\/tr>\n<\/tbody>\n<\/table>\n<p><strong>Berichtigung <\/strong>(Art. 13 Absatz 2 Buchst. b DSGVO)<strong>:<\/strong><\/p>\n<table>\n<tbody>\n<tr>\n<td width=\"461\">\n<p>Sind bei uns gespeicherte personenbezogene Daten unrichtig oder unvollst\u00e4ndig, haben Sie gem. Art. 16 DSGVO das Recht, diese berichtigen bzw. vervollst\u00e4ndigen zu lassen.<\/td>\n<\/tr>\n<\/tbody>\n<\/table>\n<p><strong>L\u00f6schung <\/strong>(Art. 13 Absatz 2 Buchst. b DSGVO)<strong>:<\/strong><\/p>\n<table>\n<tbody>\n<tr>\n<td width=\"461\">\n<p>Art. 17 DSGVO normiert das Recht auf L\u00f6schung personenbezogener Daten. Dieses Recht steht Ihnen insbesondere dann zu, wenn die Speicherung der personenbezogenen Daten zur Erf\u00fcllung unserer gesetzlichen Aufgaben nicht oder nicht mehr erforderlich ist oder eine etwaige Einwilligung widerrufen wurde. und einwiligung vorliegt..<\/td>\n<\/tr>\n<\/tbody>\n<\/table>\n<p><strong>Einschr\u00e4nkung der Verarbeitung<\/strong>(Art. 13 Absatz 2 Buchst. b DSGVO)<strong>:<\/strong><\/p>\n<table>\n<tbody>\n<tr>\n<td width=\"461\">\n<p>Gem. Art. 18 DSGVO k\u00f6nnen Sie die Einschr\u00e4nkung der personenbezogenen Daten verlangen, wenn<\/p>\n<p>\u00b7\u00a0\u00a0\u00a0\u00a0\u00a0 die Richtigkeit der Daten von Ihnen bestritten wird<\/p>\n<p>\u00b7\u00a0\u00a0\u00a0\u00a0\u00a0 die Verarbeitung unrechtm\u00e4\u00dfig ist, Sie aber deren L\u00f6schung ablehnen<\/p>\n<p>\u00b7\u00a0\u00a0\u00a0\u00a0\u00a0 wir die Daten nicht mehr ben\u00f6tigen, Sie jedoch diese zur Geltendmachung, Aus\u00fcbung oder Verteidigung von Rechtsanspr\u00fcchen ben\u00f6tigen<\/p>\n<p>\u00b7\u00a0\u00a0\u00a0\u00a0\u00a0 oder Sie gem\u00e4\u00df Art. 21 DSGVO Widerspruch gegen die Verarbeitung eingelegt haben<\/td>\n<\/tr>\n<\/tbody>\n<\/table>\n<p><strong>Widerspruch <\/strong>(Art. 13 Absatz 2 Buchst. b DSGVO)<strong>:<\/strong><\/p>\n<table>\n<tbody>\n<tr>\n<td width=\"461\">\n<p>Sie k\u00f6nnen bei Gr\u00fcnden, die sich aus Ihrer besonderen Situation ergeben, ein Widerspruchsrecht geltend machen. Gem. Art. 21 DSGVO ist jedoch zu ber\u00fccksichtigten, ob schutzw\u00fcrdige Gr\u00fcnde f\u00fcr die Verarbeitung vorliegen oder die Verarbeitung der Geltendmachung, Aus\u00fcbung oder Verteidigung von Rechtsanspr\u00fcchen dient.<\/td>\n<\/tr>\n<\/tbody>\n<\/table>\n<p><strong>\u00a0<\/strong><\/p>\n<p><strong>Recht auf Widerruf der Einwilligung <\/strong>(Art. 13 Absatz 2 Buchst. c DSGVO)<strong>:<\/strong><\/p>\n<table>\n<tbody>\n<tr>\n<td width=\"461\">\n<p>Soweit die Verarbeitung der personenbezogenen Daten auf Grundlage einer Einwilligung erfolgt, kann der Betroffene diese jederzeit f\u00fcr den entsprechenden Zweck widerrufen. Die Rechtm\u00e4\u00dfigkeit der Verarbeitung aufgrund der get\u00e4tigten Einwilligung bleibt bis zum Eingang des Widerrufs unber\u00fchrt.<\/td>\n<\/tr>\n<\/tbody>\n<\/table>\n<p><strong>Beschwerde <\/strong>(Art. 13 Absatz 2 Buchst. d DSGVO)<strong>:<\/strong><\/p>\n<table>\n<tbody>\n<tr>\n<td width=\"461\">\n<p>Art. 77 DSGVO normiert ein Beschwerderecht bei der Aufsichtsbeh\u00f6rde. Die f\u00fcr uns zust\u00e4ndige Aufsichtsbeh\u00f6rde ist die<\/p>\n<p>Die Landesbeauftragte f\u00fcr den Datenschutz und f\u00fcr das Recht auf Akteneinsicht<\/p>\n<p>Stahnsdorfer Damm 77<\/p>\n<p>14532 Kleinmachnow<\/p>\n<p>Telefon: 033203\/356-0<\/p>\n<p>Telefax: 033203\/356-49<\/p>\n<p>E-Mail: Poststelle@LDA.Brandenburg.de<\/td>\n<\/tr>\n<\/tbody>\n<\/table>\n","protected":false},"excerpt":{"rendered":"<p>Datenschutzerkl\u00e4rung A. Name und Anschrift des Verantwortlichen (gem\u00e4\u00df Artikel 13 Absatz 1 Buchstabe a i.V.m. 4 Nummer 7 DSGVO) Bruno-H.-B\u00fcrgel-Grundschule Breite Stra\u00dfe 69 16225 Eberswalde Telefon: 03334\/23344 E-Mail:bruno-h-buergelschule@t-online.de Vertretungsberechtigt Cornelia Still, komm. Schulleiterin B. Kontaktdaten der oder des Datenschutzbeauftragten (gem\u00e4\u00df Artikel 13 Absatz 1 Buchstabe b) Tel.: +49 335 5210-477 E-Mail: Datenschutz-Schulen-FF@schulaemter.brandenburg.de Information \u00fcber die [&hellip;]<\/p>\n","protected":false},"author":1,"featured_media":0,"parent":5,"menu_order":0,"comment_status":"closed","ping_status":"closed","template":"","meta":{"footnotes":""},"class_list":["post-789","page","type-page","status-publish","hentry","no-featured-image"],"_links":{"self":[{"href":"https:\/\/www.buergel-schule-eberswalde.de\/index.php\/wp-json\/wp\/v2\/pages\/789","targetHints":{"allow":["GET"]}}],"collection":[{"href":"https:\/\/www.buergel-schule-eberswalde.de\/index.php\/wp-json\/wp\/v2\/pages"}],"about":[{"href":"https:\/\/www.buergel-schule-eberswalde.de\/index.php\/wp-json\/wp\/v2\/types\/page"}],"author":[{"embeddable":true,"href":"https:\/\/www.buergel-schule-eberswalde.de\/index.php\/wp-json\/wp\/v2\/users\/1"}],"replies":[{"embeddable":true,"href":"https:\/\/www.buergel-schule-eberswalde.de\/index.php\/wp-json\/wp\/v2\/comments?post=789"}],"version-history":[{"count":2,"href":"https:\/\/www.buergel-schule-eberswalde.de\/index.php\/wp-json\/wp\/v2\/pages\/789\/revisions"}],"predecessor-version":[{"id":1562,"href":"https:\/\/www.buergel-schule-eberswalde.de\/index.php\/wp-json\/wp\/v2\/pages\/789\/revisions\/1562"}],"up":[{"embeddable":true,"href":"https:\/\/www.buergel-schule-eberswalde.de\/index.php\/wp-json\/wp\/v2\/pages\/5"}],"wp:attachment":[{"href":"https:\/\/www.buergel-schule-eberswalde.de\/index.php\/wp-json\/wp\/v2\/media?parent=789"}],"curies":[{"name":"wp","href":"https:\/\/api.w.org\/{rel}","templated":true}]}}