{"id":676,"date":"2020-01-19T20:34:39","date_gmt":"2020-01-19T18:34:39","guid":{"rendered":"https:\/\/www.buergel-schule-eberswalde.de\/?page_id=676"},"modified":"2020-01-19T21:04:45","modified_gmt":"2020-01-19T19:04:45","slug":"blaeserklassenfahrt-2019","status":"publish","type":"page","link":"https:\/\/www.buergel-schule-eberswalde.de\/index.php\/aktuelles\/blaeserklassenfahrt-2019\/","title":{"rendered":"Bl\u00e4serklassenfahrt 2019"},"content":{"rendered":"<style id=\"bwg-style-0\">    #bwg_container1_0 #bwg_container2_0 .bwg-container-0.bwg-standard-thumbnails {      width: 604px;              justify-content: center;        margin:0 auto !important;              background-color: rgba(255, 255, 255, 0.00);            padding-left: 4px;      padding-top: 4px;      max-width: 100%;            }        #bwg_container1_0 #bwg_container2_0 .bwg-container-0.bwg-standard-thumbnails .bwg-item {    justify-content: flex-start;      max-width: 120px;            width: 120px !important;          }    #bwg_container1_0 #bwg_container2_0 .bwg-container-0.bwg-standard-thumbnails .bwg-item a {       margin-right: 4px;       margin-bottom: 4px;    }    #bwg_container1_0 #bwg_container2_0 .bwg-container-0.bwg-standard-thumbnails .bwg-item0 {      padding: 0px;            background-color:rgba(255,255,255, 0.30);      border: 0px none #CCCCCC;      opacity: 1.00;      border-radius: 0;      box-shadow: 0px 0px 0px #888888;    }    #bwg_container1_0 #bwg_container2_0 .bwg-container-0.bwg-standard-thumbnails .bwg-item1 img {      max-height: none;      max-width: none;      padding: 0 !important;    }        @media only screen and (min-width: 480px) {      #bwg_container1_0 #bwg_container2_0 .bwg-container-0.bwg-standard-thumbnails .bwg-item0 {        transition: all 0.3s ease 0s;-webkit-transition: all 0.3s ease 0s;      }      #bwg_container1_0 #bwg_container2_0 .bwg-container-0.bwg-standard-thumbnails .bwg-item0:hover {        -ms-transform: scale(1.1);        -webkit-transform: scale(1.1);        transform: scale(1.1);      }    }          #bwg_container1_0 #bwg_container2_0 .bwg-container-0.bwg-standard-thumbnails .bwg-item1 {      padding-top: 75%;    }        #bwg_container1_0 #bwg_container2_0 .bwg-container-0.bwg-standard-thumbnails .bwg-title2,    #bwg_container1_0 #bwg_container2_0 .bwg-container-0.bwg-standard-thumbnails .bwg-ecommerce2 {      color: #CCCCCC;      font-family: segoe ui;      font-size: 16px;      font-weight: bold;      padding: 2px;      text-shadow: 0px 0px 0px #888888;      max-height: 100%;    }    #bwg_container1_0 #bwg_container2_0 .bwg-container-0.bwg-standard-thumbnails .bwg-thumb-description span {    color: #323A45;    font-family: Ubuntu;    font-size: 12px;    max-height: 100%;    word-wrap: break-word;    }    #bwg_container1_0 #bwg_container2_0 .bwg-container-0.bwg-standard-thumbnails .bwg-play-icon2 {      font-size: 32px;    }    #bwg_container1_0 #bwg_container2_0 .bwg-container-0.bwg-standard-thumbnails .bwg-ecommerce2 {      font-size: 19.2px;      color: #CCCCCC;    }    <\/style>    <div id=\"bwg_container1_0\"         class=\"bwg_container bwg_thumbnail bwg_thumbnails \"         data-right-click-protection=\"0\"         data-bwg=\"0\"         data-scroll=\"0\"         data-gallery-type=\"thumbnails\"         data-gallery-view-type=\"thumbnails\"         data-current-url=\"\/index.php\/wp-json\/wp\/v2\/pages\/676\"         data-lightbox-url=\"https:\/\/www.buergel-schule-eberswalde.de\/wp-admin\/admin-ajax.php?action=GalleryBox&#038;current_view=0&#038;gallery_id=14&#038;tag=0&#038;theme_id=1&#038;shortcode_id=22&#038;sort_by=order&#038;order_by=asc&#038;current_url=%2Findex.php%2Fwp-json%2Fwp%2Fv2%2Fpages%2F676\"         data-gallery-id=\"14\"         data-popup-width=\"800\"         data-popup-height=\"500\"         data-is-album=\"gallery\"         data-buttons-position=\"bottom\">      <div id=\"bwg_container2_0\">             <div id=\"ajax_loading_0\" class=\"bwg_loading_div_1\">      <div class=\"bwg_loading_div_2\">        <div class=\"bwg_loading_div_3\">          <div id=\"loading_div_0\" class=\"bwg_spider_ajax_loading\">          <\/div>        <\/div>      <\/div>    <\/div>            <form id=\"gal_front_form_0\"              class=\"bwg-hidden\"              method=\"post\"              action=\"#\"              data-current=\"0\"              data-shortcode-id=\"22\"              data-gallery-type=\"thumbnails\"              data-gallery-id=\"14\"              data-tag=\"0\"              data-album-id=\"0\"              data-theme-id=\"1\"              data-ajax-url=\"https:\/\/www.buergel-schule-eberswalde.de\/wp-admin\/admin-ajax.php?action=bwg_frontend_data\">          <div id=\"bwg_container3_0\" class=\"bwg-background bwg-background-0\">                <div data-max-count=\"5\"         data-thumbnail-width=\"120\"         data-bwg=\"0\"         data-gallery-id=\"14\"         data-lightbox-url=\"https:\/\/www.buergel-schule-eberswalde.de\/wp-admin\/admin-ajax.php?action=GalleryBox&amp;current_view=0&amp;gallery_id=14&amp;tag=0&amp;theme_id=1&amp;shortcode_id=22&amp;sort_by=order&amp;order_by=asc&amp;current_url=%2Findex.php%2Fwp-json%2Fwp%2Fv2%2Fpages%2F676\"         id=\"bwg_thumbnails_0\"         class=\"bwg-container-0 bwg-thumbnails bwg-standard-thumbnails bwg-container bwg-border-box\">            <div class=\"bwg-item\">        <a class=\"bwg-a  bwg_lightbox\"  data-image-id=\"215\" href=\"https:\/\/www.buergel-schule-eberswalde.de\/wp-content\/uploads\/photo-gallery\/Blf1.png?bwg=1579458713\" data-elementor-open-lightbox=\"no\">                <div class=\"bwg-item0 \">          <div class=\"bwg-item1 \">            <div class=\"bwg-item2\">              <img decoding=\"async\" class=\"skip-lazy bwg_standart_thumb_img_0 \"                   data-id=\"215\"                   data-width=\"300\"                   data-height=\"200\"                   data-src=\"https:\/\/www.buergel-schule-eberswalde.de\/wp-content\/uploads\/photo-gallery\/thumb\/Blf1.png?bwg=1579458713\"                   src=\"https:\/\/www.buergel-schule-eberswalde.de\/wp-content\/uploads\/photo-gallery\/thumb\/Blf1.png?bwg=1579458713\"                   alt=\"Blf1\"                   title=\"Blf1\" \/>            <\/div>            <div class=\"\">                                                      <\/div>          <\/div>        <\/div>                        <\/a>              <\/div>            <div class=\"bwg-item\">        <a class=\"bwg-a  bwg_lightbox\"  data-image-id=\"214\" href=\"https:\/\/www.buergel-schule-eberswalde.de\/wp-content\/uploads\/photo-gallery\/Blf2.png?bwg=1579458713\" data-elementor-open-lightbox=\"no\">                <div class=\"bwg-item0 \">          <div class=\"bwg-item1 \">            <div class=\"bwg-item2\">              <img decoding=\"async\" class=\"skip-lazy bwg_standart_thumb_img_0 \"                   data-id=\"214\"                   data-width=\"300\"                   data-height=\"200\"                   data-src=\"https:\/\/www.buergel-schule-eberswalde.de\/wp-content\/uploads\/photo-gallery\/thumb\/Blf2.png?bwg=1579458713\"                   src=\"https:\/\/www.buergel-schule-eberswalde.de\/wp-content\/uploads\/photo-gallery\/thumb\/Blf2.png?bwg=1579458713\"                   alt=\"Blf2\"                   title=\"Blf2\" \/>            <\/div>            <div class=\"\">                                                      <\/div>          <\/div>        <\/div>                        <\/a>              <\/div>            <div class=\"bwg-item\">        <a class=\"bwg-a  bwg_lightbox\"  data-image-id=\"213\" href=\"https:\/\/www.buergel-schule-eberswalde.de\/wp-content\/uploads\/photo-gallery\/Blf3.png?bwg=1579458713\" data-elementor-open-lightbox=\"no\">                <div class=\"bwg-item0 \">          <div class=\"bwg-item1 \">            <div class=\"bwg-item2\">              <img decoding=\"async\" class=\"skip-lazy bwg_standart_thumb_img_0 \"                   data-id=\"213\"                   data-width=\"300\"                   data-height=\"200\"                   data-src=\"https:\/\/www.buergel-schule-eberswalde.de\/wp-content\/uploads\/photo-gallery\/thumb\/Blf3.png?bwg=1579458713\"                   src=\"https:\/\/www.buergel-schule-eberswalde.de\/wp-content\/uploads\/photo-gallery\/thumb\/Blf3.png?bwg=1579458713\"                   alt=\"Blf3\"                   title=\"Blf3\" \/>            <\/div>            <div class=\"\">                                                      <\/div>          <\/div>        <\/div>                        <\/a>              <\/div>            <div class=\"bwg-item\">        <a class=\"bwg-a  bwg_lightbox\"  data-image-id=\"210\" href=\"https:\/\/www.buergel-schule-eberswalde.de\/wp-content\/uploads\/photo-gallery\/Blf4.png?bwg=1579458713\" data-elementor-open-lightbox=\"no\">                <div class=\"bwg-item0 \">          <div class=\"bwg-item1 \">            <div class=\"bwg-item2\">              <img decoding=\"async\" class=\"skip-lazy bwg_standart_thumb_img_0 \"                   data-id=\"210\"                   data-width=\"300\"                   data-height=\"200\"                   data-src=\"https:\/\/www.buergel-schule-eberswalde.de\/wp-content\/uploads\/photo-gallery\/thumb\/Blf4.png?bwg=1579458713\"                   src=\"https:\/\/www.buergel-schule-eberswalde.de\/wp-content\/uploads\/photo-gallery\/thumb\/Blf4.png?bwg=1579458713\"                   alt=\"Blf4\"                   title=\"Blf4\" \/>            <\/div>            <div class=\"\">                                                      <\/div>          <\/div>        <\/div>                        <\/a>              <\/div>            <div class=\"bwg-item\">        <a class=\"bwg-a  bwg_lightbox\"  data-image-id=\"212\" href=\"https:\/\/www.buergel-schule-eberswalde.de\/wp-content\/uploads\/photo-gallery\/Blf5.png?bwg=1579458713\" data-elementor-open-lightbox=\"no\">                <div class=\"bwg-item0 \">          <div class=\"bwg-item1 \">            <div class=\"bwg-item2\">              <img decoding=\"async\" class=\"skip-lazy bwg_standart_thumb_img_0 \"                   data-id=\"212\"                   data-width=\"300\"                   data-height=\"200\"                   data-src=\"https:\/\/www.buergel-schule-eberswalde.de\/wp-content\/uploads\/photo-gallery\/thumb\/Blf5.png?bwg=1579458713\"                   src=\"https:\/\/www.buergel-schule-eberswalde.de\/wp-content\/uploads\/photo-gallery\/thumb\/Blf5.png?bwg=1579458713\"                   alt=\"Blf5\"                   title=\"Blf5\" \/>            <\/div>            <div class=\"\">                                                      <\/div>          <\/div>        <\/div>                        <\/a>              <\/div>            <div class=\"bwg-item\">        <a class=\"bwg-a  bwg_lightbox\"  data-image-id=\"209\" href=\"https:\/\/www.buergel-schule-eberswalde.de\/wp-content\/uploads\/photo-gallery\/Blf6.png?bwg=1579458713\" data-elementor-open-lightbox=\"no\">                <div class=\"bwg-item0 \">          <div class=\"bwg-item1 \">            <div class=\"bwg-item2\">              <img decoding=\"async\" class=\"skip-lazy bwg_standart_thumb_img_0 \"                   data-id=\"209\"                   data-width=\"300\"                   data-height=\"200\"                   data-src=\"https:\/\/www.buergel-schule-eberswalde.de\/wp-content\/uploads\/photo-gallery\/thumb\/Blf6.png?bwg=1579458713\"                   src=\"https:\/\/www.buergel-schule-eberswalde.de\/wp-content\/uploads\/photo-gallery\/thumb\/Blf6.png?bwg=1579458713\"                   alt=\"Blf6\"                   title=\"Blf6\" \/>            <\/div>            <div class=\"\">                                                      <\/div>          <\/div>        <\/div>                        <\/a>              <\/div>            <div class=\"bwg-item\">        <a class=\"bwg-a  bwg_lightbox\"  data-image-id=\"217\" href=\"https:\/\/www.buergel-schule-eberswalde.de\/wp-content\/uploads\/photo-gallery\/Blf7.png?bwg=1579458713\" data-elementor-open-lightbox=\"no\">                <div class=\"bwg-item0 \">          <div class=\"bwg-item1 \">            <div class=\"bwg-item2\">              <img decoding=\"async\" class=\"skip-lazy bwg_standart_thumb_img_0 \"                   data-id=\"217\"                   data-width=\"300\"                   data-height=\"200\"                   data-src=\"https:\/\/www.buergel-schule-eberswalde.de\/wp-content\/uploads\/photo-gallery\/thumb\/Blf7.png?bwg=1579458713\"                   src=\"https:\/\/www.buergel-schule-eberswalde.de\/wp-content\/uploads\/photo-gallery\/thumb\/Blf7.png?bwg=1579458713\"                   alt=\"Blf7\"                   title=\"Blf7\" \/>            <\/div>            <div class=\"\">                                                      <\/div>          <\/div>        <\/div>                        <\/a>              <\/div>            <div class=\"bwg-item\">        <a class=\"bwg-a  bwg_lightbox\"  data-image-id=\"216\" href=\"https:\/\/www.buergel-schule-eberswalde.de\/wp-content\/uploads\/photo-gallery\/Blf8.png?bwg=1579458713\" data-elementor-open-lightbox=\"no\">                <div class=\"bwg-item0 \">          <div class=\"bwg-item1 \">            <div class=\"bwg-item2\">              <img decoding=\"async\" class=\"skip-lazy bwg_standart_thumb_img_0 \"                   data-id=\"216\"                   data-width=\"300\"                   data-height=\"200\"                   data-src=\"https:\/\/www.buergel-schule-eberswalde.de\/wp-content\/uploads\/photo-gallery\/thumb\/Blf8.png?bwg=1579458713\"                   src=\"https:\/\/www.buergel-schule-eberswalde.de\/wp-content\/uploads\/photo-gallery\/thumb\/Blf8.png?bwg=1579458713\"                   alt=\"Blf8\"                   title=\"Blf8\" \/>            <\/div>            <div class=\"\">                                                      <\/div>          <\/div>        <\/div>                        <\/a>              <\/div>            <div class=\"bwg-item\">        <a class=\"bwg-a  bwg_lightbox\"  data-image-id=\"218\" href=\"https:\/\/www.buergel-schule-eberswalde.de\/wp-content\/uploads\/photo-gallery\/Blf9.png?bwg=1579458713\" data-elementor-open-lightbox=\"no\">                <div class=\"bwg-item0 \">          <div class=\"bwg-item1 \">            <div class=\"bwg-item2\">              <img decoding=\"async\" class=\"skip-lazy bwg_standart_thumb_img_0 \"                   data-id=\"218\"                   data-width=\"300\"                   data-height=\"200\"                   data-src=\"https:\/\/www.buergel-schule-eberswalde.de\/wp-content\/uploads\/photo-gallery\/thumb\/Blf9.png?bwg=1579458713\"                   src=\"https:\/\/www.buergel-schule-eberswalde.de\/wp-content\/uploads\/photo-gallery\/thumb\/Blf9.png?bwg=1579458713\"                   alt=\"Blf9\"                   title=\"Blf9\" \/>            <\/div>            <div class=\"\">                                                      <\/div>          <\/div>        <\/div>                        <\/a>              <\/div>            <div class=\"bwg-item\">        <a class=\"bwg-a  bwg_lightbox\"  data-image-id=\"211\" href=\"https:\/\/www.buergel-schule-eberswalde.de\/wp-content\/uploads\/photo-gallery\/Blf10.png?bwg=1579458713\" data-elementor-open-lightbox=\"no\">                <div class=\"bwg-item0 \">          <div class=\"bwg-item1 \">            <div class=\"bwg-item2\">              <img decoding=\"async\" class=\"skip-lazy bwg_standart_thumb_img_0 \"                   data-id=\"211\"                   data-width=\"300\"                   data-height=\"200\"                   data-src=\"https:\/\/www.buergel-schule-eberswalde.de\/wp-content\/uploads\/photo-gallery\/thumb\/Blf10.png?bwg=1579458713\"                   src=\"https:\/\/www.buergel-schule-eberswalde.de\/wp-content\/uploads\/photo-gallery\/thumb\/Blf10.png?bwg=1579458713\"                   alt=\"Blf10\"                   title=\"Blf10\" \/>            <\/div>            <div class=\"\">                                                      <\/div>          <\/div>        <\/div>                        <\/a>              <\/div>          <\/div>    <style>      \/*pagination styles*\/      #bwg_container1_0 #bwg_container2_0 .tablenav-pages_0 {\t\t\t\ttext-align: center;\t\t\t\tfont-size: 12px;\t\t\t\tfont-family: segoe ui;\t\t\t\tfont-weight: bold;\t\t\t\tcolor: #666666;\t\t\t\tmargin: 6px 0 4px;\t\t\t\tdisplay: block;      }      @media only screen and (max-width : 320px) {      #bwg_container1_0 #bwg_container2_0 .displaying-num_0 {     \t display: none;      }      }      #bwg_container1_0 #bwg_container2_0 .displaying-num_0 {\t\t\t\tfont-size: 12px;\t\t\t\tfont-family: segoe ui;\t\t\t\tfont-weight: bold;\t\t\t\tcolor: #666666;\t\t\t\tmargin-right: 10px;\t\t\t\tvertical-align: middle;      }      #bwg_container1_0 #bwg_container2_0 .paging-input_0 {\t\t\t\tfont-size: 12px;\t\t\t\tfont-family: segoe ui;\t\t\t\tfont-weight: bold;\t\t\t\tcolor: #666666;\t\t\t\tvertical-align: middle;      }      #bwg_container1_0 #bwg_container2_0 .tablenav-pages_0 a.disabled,      #bwg_container1_0 #bwg_container2_0 .tablenav-pages_0 a.disabled:hover,      #bwg_container1_0 #bwg_container2_0 .tablenav-pages_0 a.disabled:focus,\t\t\t#bwg_container1_0 #bwg_container2_0 .tablenav-pages_0 input.bwg_current_page {\t\t\t\tcursor: default;\t\t\t\tcolor: rgba(102, 102, 102, 0.5);      }      #bwg_container1_0 #bwg_container2_0 .tablenav-pages_0 a,      #bwg_container1_0 #bwg_container2_0 .tablenav-pages_0 input.bwg_current_page {\t\t\t\tcursor: pointer;\t\t\t\ttext-align: center;\t\t\t\tfont-size: 12px;\t\t\t\tfont-family: segoe ui;\t\t\t\tfont-weight: bold;\t\t\t\tcolor: #666666;\t\t\t\ttext-decoration: none;\t\t\t\tpadding: 3px 6px;\t\t\t\tmargin: 0;\t\t\t\tborder-radius: 0;\t\t\t\tborder-style: solid;\t\t\t\tborder-width: 1px;\t\t\t\tborder-color: #E3E3E3;\t\t\t\t\t\t\t\tbackground-color: rgba(255, 255, 255, 1.00);\t\t\t\tbox-shadow: 0;\t\t\t\ttransition: all 0.3s ease 0s;-webkit-transition: all 0.3s ease 0s;      }      <\/style>      <span class=\"bwg_nav_cont_0\">              <div class=\"tablenav-pages_0\">                      <span class=\"displaying-num_0\">10  Element(e)<\/span>                    <\/div>                <input type=\"hidden\" id=\"page_number_0\" name=\"page_number_0\" value=\"1\" \/>      <script type=\"text\/javascript\">        if( jQuery('.bwg_nav_cont_0').length > 1 ) {          jQuery('.bwg_nav_cont_0').first().remove()        }        function spider_page_0(cur, x, y, load_more) {          if (typeof load_more == \"undefined\") {            var load_more = false;          }          if (jQuery(cur).hasClass('disabled')) {            return false;          }          var items_county_0 = 1;          switch (y) {            case 1:              if (x >= items_county_0) {                document.getElementById('page_number_0').value = items_county_0;              }              else {                document.getElementById('page_number_0').value = x + 1;              }              break;            case 2:              document.getElementById('page_number_0').value = items_county_0;              break;            case -1:              if (x == 1) {                document.getElementById('page_number_0').value = 1;              }              else {                document.getElementById('page_number_0').value = x - 1;              }              break;            case -2:              document.getElementById('page_number_0').value = 1;              break;\t\t\t\t\t\tcase 0:              document.getElementById('page_number_0').value = x;              break;            default:              document.getElementById('page_number_0').value = 1;          }          bwg_ajax('gal_front_form_0', '0', 'bwg_thumbnails_0', '0', '', 'gallery', 0, '', '', load_more, '', 1);        }                    jQuery('.first-page-0').on('click', function () {              spider_page_0(this, 1, -2, 'numeric');              return false;            });            jQuery('.prev-page-0').on('click', function () {              spider_page_0(this, 1, -1, 'numeric');              return false;            });            jQuery('.next-page-0').on('click', function () {              spider_page_0(this, 1, 1, 'numeric');              return false;            });            jQuery('.last-page-0').on('click', function () {              spider_page_0(this, 1, 2, 'numeric');              return false;            });        \t\t\t\t\/* Change page on input enter. *\/        function bwg_change_page_0( e, that ) {          if (  e.key == 'Enter' ) {            var to_page = parseInt(jQuery(that).val());            var pages_count = jQuery(that).parents(\".pagination-links\").data(\"pages-count\");            var current_url_param = jQuery(that).attr('data-url-info');            if (to_page > pages_count) {              to_page = 1;            }\t \t\t\t\t\t\t\t\t\t\t\t\tspider_page_0(this, to_page, 0, 'numeric');\t\t\t\t\t\t\treturn false;\t\t\t\t\t\t          }          return true;        }        jQuery('.bwg_load_btn_0').on('click', function () {            spider_page_0(this, 1, 1, true);            return false;        });      <\/script>      <\/span>                <\/div>        <\/form>        <style>          #bwg_container1_0 #bwg_container2_0 #spider_popup_overlay_0 {          background-color: #000000;          opacity: 0.70;          }          <\/style>        <div id=\"bwg_spider_popup_loading_0\" class=\"bwg_spider_popup_loading\"><\/div>        <div id=\"spider_popup_overlay_0\" class=\"spider_popup_overlay\" onclick=\"spider_destroypopup(1000)\"><\/div>        <input type=\"hidden\" id=\"bwg_random_seed_0\" value=\"1097585333\">                <\/div>    <\/div>    <script>      if (document.readyState === 'complete') {        if( typeof bwg_main_ready == 'function' ) {          if ( jQuery(\"#bwg_container1_0\").height() ) {            bwg_main_ready(jQuery(\"#bwg_container1_0\"));          }        }      } else {        document.addEventListener('DOMContentLoaded', function() {          if( typeof bwg_main_ready == 'function' ) {            if ( jQuery(\"#bwg_container1_0\").height() ) {             bwg_main_ready(jQuery(\"#bwg_container1_0\"));            }          }        });      }    <\/script>    \n<p>2019 \u2013 Das Jubil\u00e4umsjahr<br \/>\nBl\u00e4serklassentreffen vom 20.11.-23.11.2019 auf dem Schloss Boizenburg<\/p>\n<p>Seit nunmehr 10 Jahren gibt es im Land Brandenburg die Bl\u00e4serklassen im Rahmen des Projektes <i>Klasse: Musik f\u00fcr Brandenburg<\/i>. Die Klasse 5c unserer Schule war in diesem Jahr beim Bl\u00e4serklassentreffen mit dabei. Gemeinsam mit 420 Kindern aus dem Land Brandenburg probten die Sch\u00fclerinnen und Sch\u00fcler gemeinsam auf dem Schloss Boizenburg f\u00fcr das gro\u00dfe Jubil\u00e4umskonzert am Samstag in der MBS-Arena Potsdam. Neben den umfangreichen Proben auf dem Schloss blieb auch noch Zeit f\u00fcr Freizeitaktivit\u00e4ten: So nahmen einige Kids am Fu\u00dfballturnier teil oder vergn\u00fcgten sich bei der Zaubershow oder dem Kinoprogramm. Und nat\u00fcrlich durfte auch ein Besuch in der Schokoladenfabrik nicht fehlen.<br \/>\nAm Samstag ging es dann voller Aufregung Richtung Potsdam, um endlich das lang ersehnte Konzert zu bestreiten. Dort gab es noch eine gemeinsame Probe mit dem Orchester \u201eYoung: Oldies\u201c mit denen einige Songs gemeinsam musiziert wurden. Unter den \u201eYoung: Oldies\u201c befanden sich auch ehemalige Sch\u00fcler unserer Schule, da sich das Ensemble aus ehemaligen Bl\u00e4serklassenkinder des Landes Brandenburg, extra anl\u00e4sslich des Jubil\u00e4ums, formierte. Um 15.00 Uhr startete dann das Konzert u.a. vor Augen und Ohren des Ministerpr\u00e4sidenten unseres Landes, sowie weiteren 3000 Zuh\u00f6rerinnen und Zuh\u00f6rern.<br \/>\nEs war ein wunderbares bunt gemischtes Programm mit Filmmelodien aus \u201eFluch der Karibik\u201c oder auch Songs von Queen. Die gro\u00dfartige Leistung der Bl\u00e4serklassenkinder wurde mit gro\u00dfem Beifall und standing ovation belohnt. Total ersch\u00f6pft, aber \u00fcbergl\u00fccklich fuhren die Kids anschlie\u00dfend mit ihren Eltern nach Hause.<br \/>\nWir freuen uns schon jetzt auf das n\u00e4chste Konzert!<\/p>\n<p>&nbsp;<\/p>\n","protected":false},"excerpt":{"rendered":"<p>2019 \u2013 Das Jubil\u00e4umsjahr Bl\u00e4serklassentreffen vom 20.11.-23.11.2019 auf dem Schloss Boizenburg Seit nunmehr 10 Jahren gibt es im Land Brandenburg die Bl\u00e4serklassen im Rahmen des Projektes Klasse: Musik f\u00fcr Brandenburg. Die Klasse 5c unserer Schule war in diesem Jahr beim Bl\u00e4serklassentreffen mit dabei. Gemeinsam mit 420 Kindern aus dem Land Brandenburg probten die Sch\u00fclerinnen und [&hellip;]<\/p>\n","protected":false},"author":1,"featured_media":0,"parent":351,"menu_order":0,"comment_status":"closed","ping_status":"closed","template":"","meta":{"footnotes":""},"class_list":["post-676","page","type-page","status-publish","hentry","no-featured-image"],"_links":{"self":[{"href":"https:\/\/www.buergel-schule-eberswalde.de\/index.php\/wp-json\/wp\/v2\/pages\/676","targetHints":{"allow":["GET"]}}],"collection":[{"href":"https:\/\/www.buergel-schule-eberswalde.de\/index.php\/wp-json\/wp\/v2\/pages"}],"about":[{"href":"https:\/\/www.buergel-schule-eberswalde.de\/index.php\/wp-json\/wp\/v2\/types\/page"}],"author":[{"embeddable":true,"href":"https:\/\/www.buergel-schule-eberswalde.de\/index.php\/wp-json\/wp\/v2\/users\/1"}],"replies":[{"embeddable":true,"href":"https:\/\/www.buergel-schule-eberswalde.de\/index.php\/wp-json\/wp\/v2\/comments?post=676"}],"version-history":[{"count":6,"href":"https:\/\/www.buergel-schule-eberswalde.de\/index.php\/wp-json\/wp\/v2\/pages\/676\/revisions"}],"predecessor-version":[{"id":694,"href":"https:\/\/www.buergel-schule-eberswalde.de\/index.php\/wp-json\/wp\/v2\/pages\/676\/revisions\/694"}],"up":[{"embeddable":true,"href":"https:\/\/www.buergel-schule-eberswalde.de\/index.php\/wp-json\/wp\/v2\/pages\/351"}],"wp:attachment":[{"href":"https:\/\/www.buergel-schule-eberswalde.de\/index.php\/wp-json\/wp\/v2\/media?parent=676"}],"curies":[{"name":"wp","href":"https:\/\/api.w.org\/{rel}","templated":true}]}}