{"id":48,"date":"2014-03-20T13:43:01","date_gmt":"2014-03-20T11:43:01","guid":{"rendered":"https:\/\/www.buergel-schule-eberswalde.de\/wp\/?page_id=48"},"modified":"2014-08-20T13:48:05","modified_gmt":"2014-08-20T11:48:05","slug":"biografie-von-bruno-hans-buergel","status":"publish","type":"page","link":"https:\/\/www.buergel-schule-eberswalde.de\/index.php\/bruno-h-buergel-grundschule\/biografie-von-bruno-hans-buergel\/","title":{"rendered":"Biografie Bruno H. B\u00fcrgel"},"content":{"rendered":"<h2><strong style=\"font-size: 14px; line-height: 1.5em;\">Bruno\u00a0H. B\u00fcrgel (* 14. November 1875 in Berlin; \u2020 8. Juli 1948 in Potsdam-Babelsberg) war ein bekannter Astronom, Schriftsteller und Wissenschaftspublizist, dessen Verdienste vor allem in der Verbreitung astronomischer Kenntnisse lagen.<\/strong><\/h2>\n<div><a href=\"https:\/\/www.buergel-schule-eberswalde.de\/wp-content\/uploads\/2014\/03\/buergel_200.gif\"><img loading=\"lazy\" decoding=\"async\" class=\"alignright wp-image-176 size-medium\" src=\"https:\/\/www.buergel-schule-eberswalde.de\/wp-content\/uploads\/2014\/03\/buergel_200-180x250.gif\" alt=\"buergel_200\" width=\"180\" height=\"250\" \/><\/a>Die Mutter Bruno H. B\u00fcrgels, die N\u00e4herin Luise Emilie Sommer, verstarb bereits 1884. Da sich sein Vater, der bekannte Gelehrte Adolph Trendelenburg, nicht zu seinem Sohn bekennen wollte, wurde das Kind von dem Schuhmacher Gustav B\u00fcrgel und dessen Frau adoptiert. Ab 1886 lebten die B\u00fcrgels in Wei\u00dfensee. 1889 begann Bruno H. B\u00fcrgel eine Schuhmacherlehre in der Werkstatt seines Vaters. Er wurde dann aber Steindrucker und sp\u00e4ter Fabrikarbeiter. 1895 verlor er seinen Arbeitsplatz.<\/p>\n<p>Trotz wirtschaftlicher Not erarbeitete sich Bruno H. B\u00fcrgel ein umfangreiches naturwissenschaftliches Wissen. Sein besonderes Interesse galt der Astronomie. So gelang es ihm, eine Stelle als Beobachter an der Urania-Sternwarte, deren Direktor damals der bekannte Astronom Dr. Max Wilhelm Meyer war, zu erhalten. Auch hier vervollst\u00e4ndigte Bruno H.\u00a0B\u00fcrgel seine Kenntnisse.<\/p>\n<p>Ein erster Artikel in einer russischen Zeitschrift, ein weiterer im &#8222;Vorw\u00e4rts&#8220;, wo Wilhelm Liebknecht Redakteur war, zeigten bald das schriftstellerische Talent Bruno H. B\u00fcrgels. 1899 wurde\u00a0er freiberuflicher Schriftsteller. In den Jahren 1903 und 1904 konnte\u00a0er auf Empfehlung Wilhelm Foersters Vorlesungen an der Berliner Universit\u00e4t besuchen. Gleichzeitig war er Mitarbeiter verschiedener Verlage. Sein erstes Buch: &#8222;Aus fernen Welten&#8220; erschien 1910 und wurde ein gro\u00dfer Erfolg. Als Melder an der Westfront \u00fcberlebte Bruno H. B\u00fcrgel den 1. Weltkrieg. Im Jahr 1919 erschien sein zweites wichtiges Buch: &#8222;Vom Arbeiter zum Astronomen&#8220;.<\/p>\n<p>In den folgenden Jahre erreichte die Popularit\u00e4t Bruno H. B\u00fcrgels ihren H\u00f6hepunkt. Des Weiteren\u00a0dehnte er seinen Arbeitsbereich von der Astronomie auf andere Naturwissenschaften, aber auch auf Philosophie, Geschichte und P\u00e4dagogik aus. Neben vielen B\u00fcchern verfasste er Artikel f\u00fcr verschiedene Zeitschriften, hielt Vortr\u00e4ge und sprach im damals aufkommenden Rundfunk. Seine Arbeit fiel auf fruchtbaren Boden. Wie andere Wissenschaftler dieser Zeit war er pr\u00e4sent auf Veranstaltungen der damals beliebten Arbeiterbildungsvereine, wo er sich als Sozialdemokrat zuhause f\u00fchlte. Er war mit vielen bedeutenden Pers\u00f6nlichkeiten bekannt. Eine enge Freundschaft verband ihn zum Beispiel mit dem Schriftsteller Ehm Welk, der ihm zu einigen seiner B\u00fccher Anregungen gab.<\/p>\n<p>In der Zeit des Faschismus wurden einige seiner Publikationen Opfer der Zensur. Aber auch nach dem 2. Weltkrieg setzte er seine T\u00e4tigkeit als Wissenschaftspublizist fort. Er war Mitbegr\u00fcnder des Kulturbundes der DDR. Eine Professur an der Humboldt-Universit\u00e4t zu Berlin, die ihm angeboten wurde, lehnte er ab. Er war bis zu seinem Tode im Jahr 1948 publizistisch aktiv.<\/p>\n<p><strong>Werke<\/strong><\/p>\n<ul>\n<li>&#8222;Himmelskunde&#8220;. Bibliothek des allgemeinen und praktischen Wissens, Berlin 1907<\/li>\n<li>&#8222;Der Komet Halley&#8220;. Berlin 1910<\/li>\n<li>&#8222;Aus fernen Welten&#8220; &#8211; Eine volkst\u00fcmliche Himmelskunde. Berlin 1910<\/li>\n<li>&#8222;Vom Arbeiter zum Astronomen&#8220; &#8211; Die Lebensgeschichte eines Arbeiters. Berlin 1919<\/li>\n<li>&#8222;Die seltsamen Geschichten des Doktor Ulebuhle&#8220; &#8211; Ein Jugend- und Volksbuch. Berlin 1920<\/li>\n<li>&#8222;Doktor Ulebuhles Abenteuerbuch &#8211; Erz\u00e4hlungen f\u00fcr Jugend und Volk&#8220;. Berlin 1928<\/li>\n<li>&#8222;Der Stern von Afrika&#8220; &#8211; Ein Roman aus dem Jahr 3000. Berlin 1921<\/li>\n<li>&#8222;Gespenster&#8220; &#8211; Ein spiritistischer Roman. Berlin 1921<\/li>\n<li>&#8222;Menschen untereinander&#8220; &#8211; Ein F\u00fchrer auf der Pilgerreise des Lebens. Berlin 1922<\/li>\n<li>&#8222;Die Zeit ohne Seele&#8220; &#8211; Ethik im Alltag. Leipzig 1922<\/li>\n<li>&#8222;Du und das Weltall&#8220;. Berlin 1923<\/li>\n<li>&#8222;Im Garten Gottes&#8220; &#8211; Wandertage und Plauderstunden eines Naturfreundes. Berlin 1924<\/li>\n<li>&#8222;Weltall und Weltgef\u00fchl&#8220;. Berlin 1925<\/li>\n<li>&#8222;Die Weltanschauung des modernen Menschen&#8220;. Berlin 1932, sp\u00e4tere Auflagen unter dem Titel: Das Weltbild des modernen Menschen<\/li>\n<li>&#8222;Die kleinen Freuden&#8220; &#8211; Ein besinnliches Buch vom Gl\u00fcck im Alltag. Berlin 1934<\/li>\n<li>&#8222;Sterne \u00fcber den Gassen&#8220; &#8211; Roman. Berlin 1936<\/li>\n<li>&#8222;Hundert Tage Sonnenschein&#8220;- Ein Buch vom Sonntag und Alltag des Lebens. Berlin 1940<\/li>\n<li>&#8222;Vom t\u00e4glichen \u00c4rger&#8220; &#8211; Ein Lesebuch f\u00fcr Zornige, Eilige, Huschelpeter und lachende Philosophen. Leipzig 1941<\/li>\n<li>&#8222;Saat und Ernte&#8220; &#8211; Betrachtungen \u00fcber Leben und Tod. Berlin 1942, sp\u00e4tere Auflagen unter dem Titel: Anfang und Ende<\/li>\n<li>&#8222;Der Weg der Menschheit&#8220;. Halle 1946<\/li>\n<li>&#8222;Der Mensch und die Sterne&#8220;. Berlin 1946<\/li>\n<li>&#8222;Die Fackeltr\u00e4ger&#8220;. Berlin 1947<\/li>\n<\/ul>\n<p><strong>Quelle<\/strong><\/p>\n<p>Astronomisches Zentrum &#8222;Bruno H. B\u00fcrgel&#8220;, Potsdam: Bruno Hans B\u00fcrgel, Zum 50. Todestag des Potsdamer Astronomen und Schriftstellers, 1998<\/p>\n<\/div>\n","protected":false},"excerpt":{"rendered":"<p>Bruno\u00a0H. B\u00fcrgel (* 14. November 1875 in Berlin; \u2020 8. Juli 1948 in Potsdam-Babelsberg) war ein bekannter Astronom, Schriftsteller und Wissenschaftspublizist, dessen Verdienste vor allem in der Verbreitung astronomischer Kenntnisse lagen. Die Mutter Bruno H. B\u00fcrgels, die N\u00e4herin Luise Emilie Sommer, verstarb bereits 1884. Da sich sein Vater, der bekannte Gelehrte Adolph Trendelenburg, nicht zu [&hellip;]<\/p>\n","protected":false},"author":1,"featured_media":0,"parent":117,"menu_order":0,"comment_status":"closed","ping_status":"closed","template":"","meta":{"footnotes":""},"class_list":["post-48","page","type-page","status-publish","hentry","no-featured-image"],"_links":{"self":[{"href":"https:\/\/www.buergel-schule-eberswalde.de\/index.php\/wp-json\/wp\/v2\/pages\/48","targetHints":{"allow":["GET"]}}],"collection":[{"href":"https:\/\/www.buergel-schule-eberswalde.de\/index.php\/wp-json\/wp\/v2\/pages"}],"about":[{"href":"https:\/\/www.buergel-schule-eberswalde.de\/index.php\/wp-json\/wp\/v2\/types\/page"}],"author":[{"embeddable":true,"href":"https:\/\/www.buergel-schule-eberswalde.de\/index.php\/wp-json\/wp\/v2\/users\/1"}],"replies":[{"embeddable":true,"href":"https:\/\/www.buergel-schule-eberswalde.de\/index.php\/wp-json\/wp\/v2\/comments?post=48"}],"version-history":[{"count":4,"href":"https:\/\/www.buergel-schule-eberswalde.de\/index.php\/wp-json\/wp\/v2\/pages\/48\/revisions"}],"predecessor-version":[{"id":177,"href":"https:\/\/www.buergel-schule-eberswalde.de\/index.php\/wp-json\/wp\/v2\/pages\/48\/revisions\/177"}],"up":[{"embeddable":true,"href":"https:\/\/www.buergel-schule-eberswalde.de\/index.php\/wp-json\/wp\/v2\/pages\/117"}],"wp:attachment":[{"href":"https:\/\/www.buergel-schule-eberswalde.de\/index.php\/wp-json\/wp\/v2\/media?parent=48"}],"curies":[{"name":"wp","href":"https:\/\/api.w.org\/{rel}","templated":true}]}}