{"id":33,"date":"2014-03-13T17:59:09","date_gmt":"2014-03-13T15:59:09","guid":{"rendered":"http:\/\/neu.buergel-schule-eberswalde.de\/?page_id=33"},"modified":"2023-09-10T20:47:11","modified_gmt":"2023-09-10T18:47:11","slug":"foerderverein","status":"publish","type":"page","link":"https:\/\/www.buergel-schule-eberswalde.de\/index.php\/foerderverein\/","title":{"rendered":"F\u00f6rderverein"},"content":{"rendered":"\n<figure class=\"wp-block-image size-full\"><img loading=\"lazy\" decoding=\"async\" width=\"587\" height=\"447\" src=\"https:\/\/www.buergel-schule-eberswalde.de\/wp-content\/uploads\/2023\/09\/Logo_Kinder.jpg\" alt=\"\" class=\"wp-image-1853\" srcset=\"https:\/\/www.buergel-schule-eberswalde.de\/wp-content\/uploads\/2023\/09\/Logo_Kinder.jpg 587w, https:\/\/www.buergel-schule-eberswalde.de\/wp-content\/uploads\/2023\/09\/Logo_Kinder-250x190.jpg 250w\" sizes=\"auto, (max-width: 587px) 100vw, 587px\" \/><\/figure>\n\n\n<p><a href=\"https:\/\/www.buergel-schule-eberswalde.de\/index.php\/foerderverein\/kontaktdaten\/\">Kontakt F\u00f6rderverein<\/a><\/p>\n<p><a href=\"https:\/\/www.buergel-schule-eberswalde.de\/wp-content\/uploads\/2014\/03\/Flyer-Grundschule.pdf\" target=\"_blank\" rel=\"noopener noreferrer\">F\u00f6rderverein Mitglieds- und Spendenantrag<\/a><\/p>\n<p><a href=\"https:\/\/www.buergel-schule-eberswalde.de\/wp-content\/uploads\/2014\/03\/Satzung_aktuell.pdf\">Satzung F\u00f6rderverein Bruno-H.-B\u00fcrgel-Grundschule<\/a><\/p>\n<p>\u00a0<\/p>\n<p>Unser F\u00f6rderverein m\u00f6chte Sprachrohr der Kinder, Eltern und Lehrer sein. Wir organisieren und beteiligen uns an Sch\u00fclerprojekten, Championaten, bilden und betreuen Arbeitsgemeinschaften (AGs), beteiligen uns mit Lehr- und Lernmitteln und suchen den Erfahrungsaustausch mit Partnern.<\/p>\n<p><strong>Der Verein<\/strong><\/p>\n<p>1998 ergriffen einige Eltern und Lehrer die Initiative und gr\u00fcndeten einen F\u00f6rderverein f\u00fcr die Bruno-H.-B\u00fcrgel-Grundschule. Ziel unseres Vereins ist es zum einen schulische Belange zu f\u00f6rdern, die weder vom Staat noch vom Kreis gew\u00e4hrleistet werden k\u00f6nnen. Zum anderen m\u00f6chten wir die Schule unterst\u00fctzen das Schulleben unserer Kinder zu bereichern und zu versch\u00f6nern. In den letzten Schuljahren haben sich die Mitglieder des F\u00f6rdervereins f\u00fcr eine Vielzahl von Projekten engagiert.<\/p>\n<p><strong>Aktivit\u00e4ten<\/strong><\/p>\n<p>Neue Schulk\u00fcche, Korkw\u00e4nde f\u00fcr die Schulflure, Gestaltung des Speiseraums, Mitgestaltung von Schulfesten, B\u00fcrgels Backbuch, Elterncafe am Schnuppertag, Finanzierung von Preisen, Auszeichnungen, Unterrichtsmitteln und Schulausfl\u00fcgen, Kinderflohmarkt, Bastelnachmittage, Kinderdisco sind nur einige Beispiele<\/p>\n<p><strong>Haben Sie Lust mitzumachen?<\/strong><\/p>\n<p>Sie k\u00f6nnen durch ihre Mitgliedschaft (13 \u20ac j\u00e4hrlich) oder aber auch durch eine kleine Spende unseren Verein st\u00e4rken und damit etwas f\u00fcr unsere \u201cB\u00fcrgel-Kinder\u201d tun! Allen Mitgliedern steht die aktive Unterst\u00fctzung der Vereinsarbeit offen. Freuen Sie sich mit unseren Kindern auf eine sch\u00f6ne, erlebnisreiche Grundschulzeit! Wir laden Sie ein, ebenfalls F\u00f6rderer unserer Kinder zu werden!<\/p>\n<p>\u00a0<\/p>\n<p>\u00a0<\/p>\n<p>\u00a0<\/p>\n<p>\u00a0<\/p>","protected":false},"excerpt":{"rendered":"<p>Kontakt F\u00f6rderverein F\u00f6rderverein Mitglieds- und Spendenantrag Satzung F\u00f6rderverein Bruno-H.-B\u00fcrgel-Grundschule \u00a0 Unser F\u00f6rderverein m\u00f6chte Sprachrohr der Kinder, Eltern und Lehrer sein. Wir organisieren und beteiligen uns an Sch\u00fclerprojekten, Championaten, bilden und betreuen Arbeitsgemeinschaften (AGs), beteiligen uns mit Lehr- und Lernmitteln und suchen den Erfahrungsaustausch mit Partnern. Der Verein 1998 ergriffen einige Eltern und Lehrer die Initiative [&hellip;]<\/p>\n","protected":false},"author":1,"featured_media":0,"parent":0,"menu_order":0,"comment_status":"closed","ping_status":"closed","template":"","meta":{"footnotes":""},"class_list":["post-33","page","type-page","status-publish","hentry","no-featured-image"],"_links":{"self":[{"href":"https:\/\/www.buergel-schule-eberswalde.de\/index.php\/wp-json\/wp\/v2\/pages\/33","targetHints":{"allow":["GET"]}}],"collection":[{"href":"https:\/\/www.buergel-schule-eberswalde.de\/index.php\/wp-json\/wp\/v2\/pages"}],"about":[{"href":"https:\/\/www.buergel-schule-eberswalde.de\/index.php\/wp-json\/wp\/v2\/types\/page"}],"author":[{"embeddable":true,"href":"https:\/\/www.buergel-schule-eberswalde.de\/index.php\/wp-json\/wp\/v2\/users\/1"}],"replies":[{"embeddable":true,"href":"https:\/\/www.buergel-schule-eberswalde.de\/index.php\/wp-json\/wp\/v2\/comments?post=33"}],"version-history":[{"count":15,"href":"https:\/\/www.buergel-schule-eberswalde.de\/index.php\/wp-json\/wp\/v2\/pages\/33\/revisions"}],"predecessor-version":[{"id":1854,"href":"https:\/\/www.buergel-schule-eberswalde.de\/index.php\/wp-json\/wp\/v2\/pages\/33\/revisions\/1854"}],"wp:attachment":[{"href":"https:\/\/www.buergel-schule-eberswalde.de\/index.php\/wp-json\/wp\/v2\/media?parent=33"}],"curies":[{"name":"wp","href":"https:\/\/api.w.org\/{rel}","templated":true}]}}