{"id":1580,"date":"2023-03-04T09:23:47","date_gmt":"2023-03-04T07:23:47","guid":{"rendered":"https:\/\/www.buergel-schule-eberswalde.de\/?page_id=1580"},"modified":"2025-07-31T18:04:13","modified_gmt":"2025-07-31T16:04:13","slug":"essensanbieter","status":"publish","type":"page","link":"https:\/\/www.buergel-schule-eberswalde.de\/index.php\/essensanbieter\/","title":{"rendered":"Essenanbieter"},"content":{"rendered":"\n<h2 class=\"wp-block-heading\"><a href=\"https:\/\/www.menuepartner.de\/my-menuepartner\/my-time\/\">Men\u00fcpartner<\/a><\/h2>\n\n\n\n<p>Ab dem 1. Januar 2025 wird unsere Schule vom Essenanbieter Men\u00fcpartner beliefert.<\/p>\n\n\n\n<p>Unter diesem QR-Code k\u00f6nnen Sie sich als Neukunde registrieren:<\/p>\n\n\n\n<figure class=\"wp-block-image size-full\"><img loading=\"lazy\" decoding=\"async\" width=\"551\" height=\"561\" src=\"https:\/\/www.buergel-schule-eberswalde.de\/wp-content\/uploads\/2025\/07\/Screenshot_20250731_180303.jpg\" alt=\"\" class=\"wp-image-2326\" srcset=\"https:\/\/www.buergel-schule-eberswalde.de\/wp-content\/uploads\/2025\/07\/Screenshot_20250731_180303.jpg 551w, https:\/\/www.buergel-schule-eberswalde.de\/wp-content\/uploads\/2025\/07\/Screenshot_20250731_180303-246x250.jpg 246w\" sizes=\"auto, (max-width: 551px) 100vw, 551px\" \/><\/figure>\n\n\n\n<p>Oder hier: <strong><a href=\"http:\/\/meinibs.de\">meinibs.de<\/a><\/strong><\/p>\n\n\n\n<h3 class=\"has-text-color wp-block-heading\" style=\"color:#175700\"><strong>Einrichtungsnummer: <\/strong>68932050<\/h3>\n\n\n\n<p><\/p>\n\n\n\n<p>Alle weiteren Informationen erhalten Sie in dem folgenden Infobrief:<\/p>\n\n\n\n<div data-wp-interactive=\"core\/file\" class=\"wp-block-file\"><object data-wp-bind--hidden=\"!state.hasPdfPreview\" hidden class=\"wp-block-file__embed\" data=\"https:\/\/www.buergel-schule-eberswalde.de\/wp-content\/uploads\/2025\/07\/OnlineRegistrierung_Grundschule-Bruno-H.-Buergel.pdf\" type=\"application\/pdf\" style=\"width:100%;height:600px\" aria-label=\"Einbettung von Einbettung von OnlineRegistrierung_Grundschule-Bruno-H.-Buergel..\"><\/object><a id=\"wp-block-file--media-de7706da-5c53-47bc-ac38-9e36dd5136c6\" href=\"https:\/\/www.buergel-schule-eberswalde.de\/wp-content\/uploads\/2025\/07\/OnlineRegistrierung_Grundschule-Bruno-H.-Buergel.pdf\">OnlineRegistrierung_Grundschule-Bruno-H.-Buergel<\/a><a href=\"https:\/\/www.buergel-schule-eberswalde.de\/wp-content\/uploads\/2025\/07\/OnlineRegistrierung_Grundschule-Bruno-H.-Buergel.pdf\" class=\"wp-block-file__button\" download aria-describedby=\"wp-block-file--media-de7706da-5c53-47bc-ac38-9e36dd5136c6\">Herunterladen<\/a><\/div>\n","protected":false},"excerpt":{"rendered":"<p>Men\u00fcpartner Ab dem 1. Januar 2025 wird unsere Schule vom Essenanbieter Men\u00fcpartner beliefert. Unter diesem QR-Code k\u00f6nnen Sie sich als Neukunde registrieren: Oder hier: meinibs.de Einrichtungsnummer: 68932050 Alle weiteren Informationen erhalten Sie in dem folgenden Infobrief:<\/p>\n","protected":false},"author":1,"featured_media":0,"parent":0,"menu_order":0,"comment_status":"closed","ping_status":"closed","template":"","meta":{"footnotes":""},"class_list":["post-1580","page","type-page","status-publish","hentry","no-featured-image"],"_links":{"self":[{"href":"https:\/\/www.buergel-schule-eberswalde.de\/index.php\/wp-json\/wp\/v2\/pages\/1580","targetHints":{"allow":["GET"]}}],"collection":[{"href":"https:\/\/www.buergel-schule-eberswalde.de\/index.php\/wp-json\/wp\/v2\/pages"}],"about":[{"href":"https:\/\/www.buergel-schule-eberswalde.de\/index.php\/wp-json\/wp\/v2\/types\/page"}],"author":[{"embeddable":true,"href":"https:\/\/www.buergel-schule-eberswalde.de\/index.php\/wp-json\/wp\/v2\/users\/1"}],"replies":[{"embeddable":true,"href":"https:\/\/www.buergel-schule-eberswalde.de\/index.php\/wp-json\/wp\/v2\/comments?post=1580"}],"version-history":[{"count":6,"href":"https:\/\/www.buergel-schule-eberswalde.de\/index.php\/wp-json\/wp\/v2\/pages\/1580\/revisions"}],"predecessor-version":[{"id":2327,"href":"https:\/\/www.buergel-schule-eberswalde.de\/index.php\/wp-json\/wp\/v2\/pages\/1580\/revisions\/2327"}],"wp:attachment":[{"href":"https:\/\/www.buergel-schule-eberswalde.de\/index.php\/wp-json\/wp\/v2\/media?parent=1580"}],"curies":[{"name":"wp","href":"https:\/\/api.w.org\/{rel}","templated":true}]}}