{"id":1220,"date":"2021-08-03T09:27:02","date_gmt":"2021-08-03T07:27:02","guid":{"rendered":"https:\/\/www.buergel-schule-eberswalde.de\/?page_id=1220"},"modified":"2021-08-03T09:27:02","modified_gmt":"2021-08-03T07:27:02","slug":"archiv-2020","status":"publish","type":"page","link":"https:\/\/www.buergel-schule-eberswalde.de\/index.php\/archiv-2020\/","title":{"rendered":"Archiv 2020"},"content":{"rendered":"<p><a href=\"https:\/\/www.buergel-schule-eberswalde.de\/wp-content\/uploads\/2019\/09\/Elternschreiben_SJ2122.pdf\" target=\"_blank\" rel=\"noopener noreferrer\">Elternschreiben MBJS neues Schuljahr<\/a><\/p>\n<p>&nbsp;<\/p>\n<p><a href=\"https:\/\/www.buergel-schule-eberswalde.de\/index.php\/bwg_gallery\/spendenlauf-2020\/\"><span style=\"color: #993300;\">Fotos vom Spendenlauf 2020<\/span><\/a><\/p>\n<p><u>\u00a0<\/u><strong><u>Spendenlauf am 15.09.2020 Verwendung des Geldes:<\/u><\/strong><\/p>\n<p>Mehrheitliche Abstimmung der Sch\u00fclerinnen und Sch\u00fcler<\/p>\n<table width=\"430\">\n<tbody>\n<tr>\n<td width=\"210\">Verwendung f\u00fcr soziale Zwecke<\/td>\n<td width=\"220\">Verwendung f\u00fcr schulische Zwecke<\/td>\n<\/tr>\n<tr>\n<td width=\"210\">Ein Teil geht zur Unterst\u00fctzung an ein Tierheim<\/td>\n<td width=\"220\">F\u00fcr die Spiele im Raum und auf dem Hof<\/td>\n<\/tr>\n<tr>\n<td width=\"210\">Ein Teil wird f\u00fcr den Wiederaufbau der Maria-Magdalenen-Kirche eingesetzt<\/td>\n<td width=\"220\">F\u00fcr Kulturelle Zwecke (Theaterbesuch im Dezember, wenn m\u00f6glich) oder zur Unterst\u00fctzung bei Wandertagen (gleichm\u00e4\u00dfige Verteilung)<\/td>\n<\/tr>\n<\/tbody>\n<\/table>\n<p>&nbsp;<\/p>\n<p><a href=\"https:\/\/www.buergel-schule-eberswalde.de\/index.php\/neuer-sozialarbeiter\/\">Neuer Sozialarbeiter<\/a><\/p>\n","protected":false},"excerpt":{"rendered":"<p>Elternschreiben MBJS neues Schuljahr &nbsp; Fotos vom Spendenlauf 2020 \u00a0Spendenlauf am 15.09.2020 Verwendung des Geldes: Mehrheitliche Abstimmung der Sch\u00fclerinnen und Sch\u00fcler Verwendung f\u00fcr soziale Zwecke Verwendung f\u00fcr schulische Zwecke Ein Teil geht zur Unterst\u00fctzung an ein Tierheim F\u00fcr die Spiele im Raum und auf dem Hof Ein Teil wird f\u00fcr den Wiederaufbau der Maria-Magdalenen-Kirche eingesetzt [&hellip;]<\/p>\n","protected":false},"author":1,"featured_media":0,"parent":0,"menu_order":0,"comment_status":"closed","ping_status":"closed","template":"","meta":{"footnotes":""},"class_list":["post-1220","page","type-page","status-publish","hentry","no-featured-image"],"_links":{"self":[{"href":"https:\/\/www.buergel-schule-eberswalde.de\/index.php\/wp-json\/wp\/v2\/pages\/1220","targetHints":{"allow":["GET"]}}],"collection":[{"href":"https:\/\/www.buergel-schule-eberswalde.de\/index.php\/wp-json\/wp\/v2\/pages"}],"about":[{"href":"https:\/\/www.buergel-schule-eberswalde.de\/index.php\/wp-json\/wp\/v2\/types\/page"}],"author":[{"embeddable":true,"href":"https:\/\/www.buergel-schule-eberswalde.de\/index.php\/wp-json\/wp\/v2\/users\/1"}],"replies":[{"embeddable":true,"href":"https:\/\/www.buergel-schule-eberswalde.de\/index.php\/wp-json\/wp\/v2\/comments?post=1220"}],"version-history":[{"count":6,"href":"https:\/\/www.buergel-schule-eberswalde.de\/index.php\/wp-json\/wp\/v2\/pages\/1220\/revisions"}],"predecessor-version":[{"id":1401,"href":"https:\/\/www.buergel-schule-eberswalde.de\/index.php\/wp-json\/wp\/v2\/pages\/1220\/revisions\/1401"}],"wp:attachment":[{"href":"https:\/\/www.buergel-schule-eberswalde.de\/index.php\/wp-json\/wp\/v2\/media?parent=1220"}],"curies":[{"name":"wp","href":"https:\/\/api.w.org\/{rel}","templated":true}]}}