{"id":117,"date":"2014-03-20T15:09:46","date_gmt":"2014-03-20T13:09:46","guid":{"rendered":"https:\/\/www.buergel-schule-eberswalde.de\/wp\/?page_id=117"},"modified":"2024-10-09T09:17:54","modified_gmt":"2024-10-09T07:17:54","slug":"bruno-h-buergel-grundschule","status":"publish","type":"page","link":"https:\/\/www.buergel-schule-eberswalde.de\/index.php\/bruno-h-buergel-grundschule\/","title":{"rendered":"Die Bruno-H.-B\u00fcrgel-Grundschule"},"content":{"rendered":"<p><img loading=\"lazy\" decoding=\"async\" class=\"wp-image-449 aligncenter\" src=\"https:\/\/www.buergel-schule-eberswalde.de\/wp-content\/uploads\/2019\/09\/cropped-cropped-Eberswalde_Bruno-B\u00fcrgel-Schule_01_retusche-1-1-250x171.jpg\" alt=\"\" width=\"838\" height=\"573\" srcset=\"https:\/\/www.buergel-schule-eberswalde.de\/wp-content\/uploads\/2019\/09\/cropped-cropped-Eberswalde_Bruno-B\u00fcrgel-Schule_01_retusche-1-1-250x171.jpg 250w, https:\/\/www.buergel-schule-eberswalde.de\/wp-content\/uploads\/2019\/09\/cropped-cropped-Eberswalde_Bruno-B\u00fcrgel-Schule_01_retusche-1-1-768x524.jpg 768w, https:\/\/www.buergel-schule-eberswalde.de\/wp-content\/uploads\/2019\/09\/cropped-cropped-Eberswalde_Bruno-B\u00fcrgel-Schule_01_retusche-1-1-1024x699.jpg 1024w, https:\/\/www.buergel-schule-eberswalde.de\/wp-content\/uploads\/2019\/09\/cropped-cropped-Eberswalde_Bruno-B\u00fcrgel-Schule_01_retusche-1-1.jpg 1200w\" sizes=\"auto, (max-width: 838px) 100vw, 838px\" \/>Willkommen an unserer Schule<\/p>\n<div id=\"attachment_118\" style=\"width: 210px\" class=\"wp-caption alignright\"><a href=\"https:\/\/www.buergel-schule-eberswalde.de\/wp-content\/uploads\/2014\/03\/image002_200.jpg\"><img loading=\"lazy\" decoding=\"async\" aria-describedby=\"caption-attachment-118\" class=\"wp-image-118 size-full\" title=\"Historische B\u00fcrgelschule\" src=\"https:\/\/www.buergel-schule-eberswalde.de\/wp-content\/uploads\/2014\/03\/image002_200.jpg\" alt=\"Historische B\u00fcrgelschule\" width=\"200\" height=\"140\"><\/a><p id=\"caption-attachment-118\" class=\"wp-caption-text\">Historische B\u00fcrgelschule<\/p><\/div>\n<p>Nahe dem Ortsausgang von Eberswalde in Richtung Bad Freienwalde erhebt sich an der Breiten Stra\u00dfe die Bruno-H.-B\u00fcrgel-Grundschule. Hoch oben auf einem Gel\u00e4nde erbaut, auf dem einst eine Burg stand, ist sie seit \u00fcber 100 Jahren weithin sichtbar. Generationen von Sch\u00fclerinnen und Sch\u00fclern, Lehrerinnen und Lehrern stiegen seither ihre breiten Treppen hinauf, um zu lernen und zu lehren.<\/p>\n<p>Am 01. Oktober 2010 feierten die Sch\u00fclerinnen und Sch\u00fcler, Lehrerinnen und Lehrer der Bruno-H.-B\u00fcrgel-Grundschule die Gr\u00fcndung ihrer Einrichtung vor 110 Jahren. Heute ist die Grundschule eine der \u00e4ltesten Schulen der Stadt. Sie ist ein typischer Schulbau der Jahrhundertwende und noch weitgehend im Originalzustand erhalten.<\/p>\n<p>Kinder der Jahrgangsstufen 1 bis 6, die meist aus den Ortsteilen Ost- und S\u00fcdend, Sommerfelde und Tornow sowie einem Teil des Leibnizviertels kommen, lernen hier nicht nur das Lesen, Schreiben sowie das Rechnen sondern auch ihr Verst\u00e4ndnis f\u00fcr Natur und Gesellschaft auf der Basis der Ganzheitlichkeit zu entwickeln. Unsere Schulleitung ist immer bestrebt das Grundschulangebot st\u00e4ndig weiter zu entwickeln und damit einen hohen Qualit\u00e4tsstandard an unserer Schule zu gew\u00e4hrleisten. Dabei werden wir von vielen engagierten Eltern und unserem 1998 gegr\u00fcndeten F\u00f6rderverein intensiv unterst\u00fctzt.<\/p>\n<div id=\"attachment_119\" style=\"width: 260px\" class=\"wp-caption alignright\"><a href=\"https:\/\/www.buergel-schule-eberswalde.de\/wp-content\/uploads\/2014\/03\/klmu.png\"><img loading=\"lazy\" decoding=\"async\" aria-describedby=\"caption-attachment-119\" class=\"wp-image-119 size-medium\" title=\"Klasse : Musik\" src=\"https:\/\/www.buergel-schule-eberswalde.de\/wp-content\/uploads\/2014\/03\/klmu-250x208.png\" alt=\"Klasse : Musik\" width=\"250\" height=\"208\" srcset=\"https:\/\/www.buergel-schule-eberswalde.de\/wp-content\/uploads\/2014\/03\/klmu-250x208.png 250w, https:\/\/www.buergel-schule-eberswalde.de\/wp-content\/uploads\/2014\/03\/klmu.png 300w\" sizes=\"auto, (max-width: 250px) 100vw, 250px\" \/><\/a><p id=\"caption-attachment-119\" class=\"wp-caption-text\">Klasse : Musik<\/p><\/div>\n<p>Wir nehmen an dem Projekt &#8222;Klasse: Musik f\u00fcr Brandenburg&#8220; teil. (gef\u00f6rdert aus Mitteln des F\u00f6rderprogramms &#8222;Musische Bildung f\u00fcr alle&#8220; und mit Unterst\u00fctzung des MBJS Brandenburg) Hier wird ab Jahrgangsstufe 5 eine Klasse gebildet in der die Kinder ein Blasinstrument erlernen. Dar\u00fcber hinaus gibt es in Jahrgangsstufe 2 bis 4 eine Klasse, in der auf die elementare Musikbildung besonderen Wert gelegt wird.<\/p>\n<p>Im Jahr 1900 sprach der erste Rektor Koehler in seiner Festrede zur Einweihung der Schule die Worte des tschechischen P\u00e4dagogen Comenius:<\/p>\n<p>&#8222;Die Schule soll M\u00e4nner bilden, die im Geiste weise, in ihren Handlungen geschickt und von Herzen fromm sind. Auf einem Platz erbaut, wo fr\u00fcher eine Burg stand, m\u00f6ge die neue Schule eine Warte sein und bleiben f\u00fcr die Wahrheit, Freiheit und Liebe&#8230;&#8220;<\/p>\n<p>Dem Kollegium der Bruno-H.-B\u00fcrgel-Grundschule sind diese Inhalte, zeitgem\u00e4\u00df umgesetzt, nat\u00fcrlich auch Leitsatz:<\/p>\n<p>&#8222;Die Kinder sollen mit unserer Hilfe in Kreativit\u00e4t, Beharrlichkeit und Teamgeist geschult werden, da in ihrer Hand sp\u00e4ter eine gro\u00dfe soziale, \u00f6kologische und globale Verantwortung f\u00fcr die Menschen liegen wird&#8230;&#8220;<\/p>\n<p>Kinder sind unsere Zukunft!<\/p>\n","protected":false},"excerpt":{"rendered":"<p>Willkommen an unserer Schule Nahe dem Ortsausgang von Eberswalde in Richtung Bad Freienwalde erhebt sich an der Breiten Stra\u00dfe die Bruno-H.-B\u00fcrgel-Grundschule. Hoch oben auf einem Gel\u00e4nde erbaut, auf dem einst eine Burg stand, ist sie seit \u00fcber 100 Jahren weithin sichtbar. Generationen von Sch\u00fclerinnen und Sch\u00fclern, Lehrerinnen und Lehrern stiegen seither ihre breiten Treppen hinauf, [&hellip;]<\/p>\n","protected":false},"author":1,"featured_media":0,"parent":0,"menu_order":0,"comment_status":"closed","ping_status":"closed","template":"","meta":{"footnotes":""},"class_list":["post-117","page","type-page","status-publish","hentry","no-featured-image"],"_links":{"self":[{"href":"https:\/\/www.buergel-schule-eberswalde.de\/index.php\/wp-json\/wp\/v2\/pages\/117","targetHints":{"allow":["GET"]}}],"collection":[{"href":"https:\/\/www.buergel-schule-eberswalde.de\/index.php\/wp-json\/wp\/v2\/pages"}],"about":[{"href":"https:\/\/www.buergel-schule-eberswalde.de\/index.php\/wp-json\/wp\/v2\/types\/page"}],"author":[{"embeddable":true,"href":"https:\/\/www.buergel-schule-eberswalde.de\/index.php\/wp-json\/wp\/v2\/users\/1"}],"replies":[{"embeddable":true,"href":"https:\/\/www.buergel-schule-eberswalde.de\/index.php\/wp-json\/wp\/v2\/comments?post=117"}],"version-history":[{"count":14,"href":"https:\/\/www.buergel-schule-eberswalde.de\/index.php\/wp-json\/wp\/v2\/pages\/117\/revisions"}],"predecessor-version":[{"id":2057,"href":"https:\/\/www.buergel-schule-eberswalde.de\/index.php\/wp-json\/wp\/v2\/pages\/117\/revisions\/2057"}],"wp:attachment":[{"href":"https:\/\/www.buergel-schule-eberswalde.de\/index.php\/wp-json\/wp\/v2\/media?parent=117"}],"curies":[{"name":"wp","href":"https:\/\/api.w.org\/{rel}","templated":true}]}}